{"id":13166,"date":"2025-05-14T15:30:31","date_gmt":"2025-05-14T14:30:31","guid":{"rendered":"https:\/\/ensa-marrakech.uca.ma\/?page_id=13166"},"modified":"2025-05-14T15:31:38","modified_gmt":"2025-05-14T14:31:38","slug":"masters-in-management-and-governance-of-mobility-and-information-systems-mg-msi","status":"publish","type":"page","link":"https:\/\/ensa-marrakech.uca.ma\/en\/training\/continuing-education\/masters-in-management-and-governance-of-mobility-and-information-systems-mg-msi\/","title":{"rendered":"lemalog"},"content":{"rendered":"\t\t<div data-elementor-type=\"wp-page\" data-elementor-id=\"13166\" class=\"elementor elementor-13166\">\n\t\t\t\t<div class=\"elementor-element elementor-element-8205658 e-flex e-con-boxed wpr-particle-no wpr-jarallax-no wpr-parallax-no wpr-sticky-section-no e-con e-parent\" data-id=\"8205658\" data-element_type=\"container\">\n\t\t\t\t\t<div class=\"e-con-inner\">\n\t\t\t\t<div class=\"elementor-element elementor-element-9f15a6e exad-sticky-section-no exad-glass-effect-no elementor-widget elementor-widget-heading\" data-id=\"9f15a6e\" data-element_type=\"widget\" data-widget_type=\"heading.default\">\n\t\t\t\t<div class=\"elementor-widget-container\">\n\t\t\t<h2 class=\"elementor-heading-title elementor-size-default\">University Master's Degree: Management and Governance of Mobility and Information Systems (MG-MSI)<\/h2>\t\t<\/div>\n\t\t\t\t<\/div>\n\t\t\t\t<div class=\"elementor-element elementor-element-b68b5fd elementor-mobile-align-left exad-sticky-section-no exad-glass-effect-no elementor-widget elementor-widget-button\" data-id=\"b68b5fd\" data-element_type=\"widget\" data-widget_type=\"button.default\">\n\t\t\t\t<div class=\"elementor-widget-container\">\n\t\t\t\t\t<div class=\"elementor-button-wrapper\">\n\t\t\t<a class=\"elementor-button elementor-button-link elementor-size-sm\" href=\"https:\/\/ensa-marrakech.uca.ma\/wp-content\/uploads\/2025\/05\/master_ms_msi.pdf\">\n\t\t\t\t\t\t<span class=\"elementor-button-content-wrapper\">\n\t\t\t\t\t\t\t\t\t<span class=\"elementor-button-text\">Please consult the Master's description sheet.<\/span>\n\t\t\t\t\t<\/span>\n\t\t\t\t\t<\/a>\n\t\t<\/div>\n\t\t\t\t<\/div>\n\t\t\t\t<\/div>\n\t\t\t\t\t<\/div>\n\t\t\t\t<\/div>\n\t\t\t\t<\/div>\n\t\t","protected":false},"excerpt":{"rendered":"<p>Master Lean Manufacturing et Logistique &#8211; LEMALOG En formation continue L&#8217;objectif g\u00e9n\u00e9ral du Master LEMALOG est de former des laur\u00e9ats capables de piloter la performance et d&#8217;int\u00e9grer le progr\u00e8s permanent dans les entreprises. \u00a0Le Master en Formation Continue LEMALOG (Lean Manufacturing et Logistique) en mode Hybride est en cours de d&#8217;accr\u00e9ditation en vue de lancement \u00e0 l&#8217;ENSA de Marrakech.\u00a0 La mission principale du laur\u00e9at du Master LEMALOG est d\u2019occuper au sein des entreprises de diff\u00e9rents secteurs d\u2019activit\u00e9 ou des bureaux d\u2019\u00e9tude un poste de : Responsable Lean Responsable Six Sigmas Responsable Am\u00e9lioration Continue (d\u2019une mani\u00e8re g\u00e9n\u00e9rale) Outre ces m\u00e9tiers, la formation dispens\u00e9e dans ce Master qualifie le laur\u00e9at \u00e0 occuper au sein de l\u2019entreprise un poste de : Responsable Supply Chain, Production, Stock, Qualit\u00e9, Maintenance Responsable Digitalisation des Syst\u00e8mes Industriels et Logistiques (MES, ERP, WMS, GMAO, &#8230;). \u00a0 Veuillez consulter la fiche de description du Master.<\/p>\n","protected":false},"author":1,"featured_media":0,"parent":7236,"menu_order":0,"comment_status":"closed","ping_status":"closed","template":"","meta":{"footnotes":""},"class_list":["post-13166","page","type-page","status-publish","hentry"],"_links":{"self":[{"href":"https:\/\/ensa-marrakech.uca.ma\/en\/wp-json\/wp\/v2\/pages\/13166","targetHints":{"allow":["GET"]}}],"collection":[{"href":"https:\/\/ensa-marrakech.uca.ma\/en\/wp-json\/wp\/v2\/pages"}],"about":[{"href":"https:\/\/ensa-marrakech.uca.ma\/en\/wp-json\/wp\/v2\/types\/page"}],"author":[{"embeddable":true,"href":"https:\/\/ensa-marrakech.uca.ma\/en\/wp-json\/wp\/v2\/users\/1"}],"replies":[{"embeddable":true,"href":"https:\/\/ensa-marrakech.uca.ma\/en\/wp-json\/wp\/v2\/comments?post=13166"}],"version-history":[{"count":4,"href":"https:\/\/ensa-marrakech.uca.ma\/en\/wp-json\/wp\/v2\/pages\/13166\/revisions"}],"predecessor-version":[{"id":13170,"href":"https:\/\/ensa-marrakech.uca.ma\/en\/wp-json\/wp\/v2\/pages\/13166\/revisions\/13170"}],"up":[{"embeddable":true,"href":"https:\/\/ensa-marrakech.uca.ma\/en\/wp-json\/wp\/v2\/pages\/7236"}],"wp:attachment":[{"href":"https:\/\/ensa-marrakech.uca.ma\/en\/wp-json\/wp\/v2\/media?parent=13166"}],"curies":[{"name":"wp","href":"https:\/\/api.w.org\/{rel}","templated":true}]}}